{"id":2882,"date":"2024-02-21T08:00:11","date_gmt":"2024-02-21T08:00:11","guid":{"rendered":"https:\/\/megaing.hr\/?page_id=2882"},"modified":"2024-02-21T08:57:40","modified_gmt":"2024-02-21T08:57:40","slug":"distributeri","status":"publish","type":"page","link":"https:\/\/megaing.hr\/en\/distributeri\/","title":{"rendered":"Distributors"},"content":{"rendered":"<div role=\"form\" class=\"wpcf7\" id=\"wpcf7-f2427-p2427-o1\" lang=\"en-US\" dir=\"ltr\"><div><div class=\"wpcf7-form\"><div class=\"fit-the-fullspace\"><div><div class=\"screen-reader-response\"><p role=\"status\" aria-live=\"polite\" aria-atomic=\"true\"><\/p> <ul><\/ul><\/div><form action=\"\/en\/wp-json\/wp\/v2\/pages\/2882#wpcf7-f2427-p2427-o1\" method=\"post\" class=\"wpcf7-form init\" enctype=\"\" autocomplete=\"autocomplete\" novalidate=\"novalidate\" data-status=\"init\" locale=\"en_US\" data-trp-original-action=\"\/en\/wp-json\/wp\/v2\/pages\/2882#wpcf7-f2427-p2427-o1\"><div style=\"display: block;\"><input type=\"hidden\" name=\"_wpcf7\" value=\"2427\" \/>\n<input type=\"hidden\" name=\"_wpcf7_version\" value=\"5.8.7\" \/>\n<input type=\"hidden\" name=\"_wpcf7_locale\" value=\"en_US\" \/>\n<input type=\"hidden\" name=\"_wpcf7_unit_tag\" value=\"wpcf7-f2427-p2427-o1\" \/>\n<input type=\"hidden\" name=\"_wpcf7_posted_data_hash\" value=\"\" \/>\n<input type=\"hidden\" name=\"_wpcf7_fit-the-fullspace\" value=\"\" \/>\n<\/div><p><label> Your name<br \/>\n<span class=\"wpcf7-form-control-wrap\" data-name=\"your-name\"><input size=\"40\" class=\"wpcf7-form-control wpcf7-text wpcf7-validates-as-required\" autocomplete=\"name\" aria-required=\"true\" aria-invalid=\"false\" value=\"\" type=\"text\" name=\"your-name\" \/><\/span> <\/label>\n<\/p>\n<p><label> Your email<br \/>\n<span class=\"wpcf7-form-control-wrap\" data-name=\"your-email\"><input size=\"40\" class=\"wpcf7-form-control wpcf7-email wpcf7-validates-as-required wpcf7-text wpcf7-validates-as-email\" autocomplete=\"email\" aria-required=\"true\" aria-invalid=\"false\" value=\"\" type=\"email\" name=\"your-email\" \/><\/span> <\/label>\n<\/p>\n<p><label> Subject<br \/>\n<span class=\"wpcf7-form-control-wrap\" data-name=\"your-subject\"><input size=\"40\" class=\"wpcf7-form-control wpcf7-text wpcf7-validates-as-required\" aria-required=\"true\" aria-invalid=\"false\" value=\"\" type=\"text\" name=\"your-subject\" \/><\/span> <\/label>\n<\/p>\n<p><label> Your message (optional)<br \/>\n<span class=\"wpcf7-form-control-wrap\" data-name=\"your-message\"><textarea cols=\"40\" rows=\"10\" class=\"wpcf7-form-control wpcf7-textarea\" aria-invalid=\"false\" name=\"your-message\"><\/textarea><\/span> <\/label>\n<\/p>\n<p><input class=\"wpcf7-form-control wpcf7-submit has-spinner\" type=\"submit\" value=\"Submit\" \/>\n<\/p><div class=\"wpcf7-response-output\" aria-hidden=\"true\"><\/div><input type=\"hidden\" name=\"trp-form-language\" value=\"en\"\/><\/form><\/div><\/div><\/div><\/div><\/div>\t\t<div data-elementor-type=\"wp-page\" data-elementor-id=\"2882\" class=\"elementor elementor-2882\">\n\t\t\t\t<div class=\"elementor-element elementor-element-50d8774 e-flex e-con-boxed e-con e-parent\" data-id=\"50d8774\" data-element_type=\"container\" data-settings=\"{&quot;content_width&quot;:&quot;boxed&quot;}\" data-core-v316-plus=\"true\">\n\t\t\t\t\t<div class=\"e-con-inner\">\n\t\t<div class=\"elementor-element elementor-element-ba58ddf e-con-full e-flex e-con e-child\" data-id=\"ba58ddf\" data-element_type=\"container\" data-settings=\"{&quot;content_width&quot;:&quot;full&quot;}\">\n\t\t\t\t<div class=\"elementor-element elementor-element-95aaa5b elementor-widget elementor-widget-text-editor\" data-id=\"95aaa5b\" data-element_type=\"widget\" data-widget_type=\"text-editor.default\">\n\t\t\t\t<div class=\"elementor-widget-container\">\n\t\t\t<style>\/*! elementor - v3.19.0 - 07-02-2024 *\/\n.elementor-widget-text-editor.elementor-drop-cap-view-stacked .elementor-drop-cap{background-color:#69727d;color:#fff}.elementor-widget-text-editor.elementor-drop-cap-view-framed .elementor-drop-cap{color:#69727d;border:3px solid;background-color:transparent}.elementor-widget-text-editor:not(.elementor-drop-cap-view-default) .elementor-drop-cap{margin-top:8px}.elementor-widget-text-editor:not(.elementor-drop-cap-view-default) .elementor-drop-cap-letter{width:1em;height:1em}.elementor-widget-text-editor .elementor-drop-cap{float:left;text-align:center;line-height:1;font-size:50px}.elementor-widget-text-editor .elementor-drop-cap-letter{display:inline-block}<\/style>\t\t\t\t<h5>B.A.M.T MA\u010cE<\/h5>\nMA\u010cE 92 A, MA\u010cE\t\t\t\t\t\t<\/div>\n\t\t\t\t<\/div>\n\t\t\t\t<\/div>\n\t\t<div class=\"elementor-element elementor-element-146193b e-con-full e-flex e-con e-child\" data-id=\"146193b\" data-element_type=\"container\" data-settings=\"{&quot;content_width&quot;:&quot;full&quot;}\">\n\t\t\t\t<div class=\"elementor-element elementor-element-63faa25 elementor-widget elementor-widget-text-editor\" data-id=\"63faa25\" data-element_type=\"widget\" data-widget_type=\"text-editor.default\">\n\t\t\t\t<div class=\"elementor-widget-container\">\n\t\t\t\t\t\t\t<h5>AGROMEHANIKA TRGOVINA d.o.o.<\/h5>\nKRSTE FRANKOPANA 64, BJELOVAR\n\t\t\t\t\t\t<\/div>\n\t\t\t\t<\/div>\n\t\t\t\t<\/div>\n\t\t<div class=\"elementor-element elementor-element-5d0e876 e-con-full e-flex e-con e-child\" data-id=\"5d0e876\" data-element_type=\"container\" data-settings=\"{&quot;content_width&quot;:&quot;full&quot;}\">\n\t\t\t\t<div class=\"elementor-element elementor-element-3d0e8e6 elementor-widget elementor-widget-text-editor\" data-id=\"3d0e8e6\" data-element_type=\"widget\" data-widget_type=\"text-editor.default\">\n\t\t\t\t<div class=\"elementor-widget-container\">\n\t\t\t\t\t\t\t<h5>\u0160ANTI\u0106 PROMET d.o.o.<\/h5>\nP.RADI\u0106A 37, CABUNA, VIROVITICA\t\t\t\t\t\t<\/div>\n\t\t\t\t<\/div>\n\t\t\t\t<\/div>\n\t\t<div class=\"elementor-element elementor-element-28e5242 e-con-full e-flex e-con e-child\" data-id=\"28e5242\" data-element_type=\"container\" data-settings=\"{&quot;content_width&quot;:&quot;full&quot;}\">\n\t\t\t\t<div class=\"elementor-element elementor-element-ae5440d elementor-widget elementor-widget-text-editor\" data-id=\"ae5440d\" data-element_type=\"widget\" data-widget_type=\"text-editor.default\">\n\t\t\t\t<div class=\"elementor-widget-container\">\n\t\t\t\t\t\t\t<h5>JUKI\u0106 d.o.o.<\/h5>\nVUKOVARSKA 110, \u010cA\u0110AVICA\n\t\t\t\t\t\t<\/div>\n\t\t\t\t<\/div>\n\t\t\t\t<\/div>\n\t\t<div class=\"elementor-element elementor-element-83284ef e-con-full e-flex e-con e-child\" data-id=\"83284ef\" data-element_type=\"container\" data-settings=\"{&quot;content_width&quot;:&quot;full&quot;}\">\n\t\t\t\t<div class=\"elementor-element elementor-element-c794cf7 elementor-widget elementor-widget-text-editor\" data-id=\"c794cf7\" data-element_type=\"widget\" data-widget_type=\"text-editor.default\">\n\t\t\t\t<div class=\"elementor-widget-container\">\n\t\t\t\t\t\t\t<h5>VINKOPROM d.o.o.<\/h5>\nSJEVERNA VEZNA CESTA 53, SLAVONSKI BROD\n\t\t\t\t\t\t<\/div>\n\t\t\t\t<\/div>\n\t\t\t\t<\/div>\n\t\t<div class=\"elementor-element elementor-element-329f67d e-con-full e-flex e-con e-child\" data-id=\"329f67d\" data-element_type=\"container\" data-settings=\"{&quot;content_width&quot;:&quot;full&quot;}\">\n\t\t\t\t<div class=\"elementor-element elementor-element-2e4fead elementor-widget elementor-widget-text-editor\" data-id=\"2e4fead\" data-element_type=\"widget\" data-widget_type=\"text-editor.default\">\n\t\t\t\t<div class=\"elementor-widget-container\">\n\t\t\t\t\t\t\t<h5>AGRO KRIZMANI\u0106<\/h5>\nA.G.MATO\u0160A 73, TOVARNIK\t\t\t\t\t\t<\/div>\n\t\t\t\t<\/div>\n\t\t\t\t<\/div>\n\t\t<div class=\"elementor-element elementor-element-e2fa734 e-con-full e-flex e-con e-child\" data-id=\"e2fa734\" data-element_type=\"container\" data-settings=\"{&quot;content_width&quot;:&quot;full&quot;}\">\n\t\t\t\t<div class=\"elementor-element elementor-element-cd56a32 elementor-widget elementor-widget-text-editor\" data-id=\"cd56a32\" data-element_type=\"widget\" data-widget_type=\"text-editor.default\">\n\t\t\t\t<div class=\"elementor-widget-container\">\n\t\t\t\t\t\t\t<h5>PRODET d.o.o.<\/h5>\ndr.M.KADI\u0106A 65, GRADI\u0160TE\n\t\t\t\t\t\t<\/div>\n\t\t\t\t<\/div>\n\t\t\t\t<\/div>\n\t\t<div class=\"elementor-element elementor-element-867286d e-con-full e-flex e-con e-child\" data-id=\"867286d\" data-element_type=\"container\" data-settings=\"{&quot;content_width&quot;:&quot;full&quot;}\">\n\t\t\t\t<div class=\"elementor-element elementor-element-2af3a9c elementor-widget elementor-widget-text-editor\" data-id=\"2af3a9c\" data-element_type=\"widget\" data-widget_type=\"text-editor.default\">\n\t\t\t\t<div class=\"elementor-widget-container\">\n\t\t\t\t\t\t\t<h5>AGROZAPPA d.o.o.<\/h5>\nVATROGASNI PUT 1, ZAGREB\n\t\t\t\t\t\t<\/div>\n\t\t\t\t<\/div>\n\t\t\t\t<\/div>\n\t\t<div class=\"elementor-element elementor-element-05850fd e-con-full e-flex e-con e-child\" data-id=\"05850fd\" data-element_type=\"container\" data-settings=\"{&quot;content_width&quot;:&quot;full&quot;}\">\n\t\t\t\t<div class=\"elementor-element elementor-element-ef716af elementor-widget elementor-widget-text-editor\" data-id=\"ef716af\" data-element_type=\"widget\" data-widget_type=\"text-editor.default\">\n\t\t\t\t<div class=\"elementor-widget-container\">\n\t\t\t\t\t\t\t<h5>TITAN d.o.o.<\/h5>\nB.\u0160ULEKA 19, KARLOVAC\n\t\t\t\t\t\t<\/div>\n\t\t\t\t<\/div>\n\t\t\t\t<\/div>\n\t\t<div class=\"elementor-element elementor-element-ecfcb7c e-con-full e-flex e-con e-child\" data-id=\"ecfcb7c\" data-element_type=\"container\" data-settings=\"{&quot;content_width&quot;:&quot;full&quot;}\">\n\t\t\t\t<div class=\"elementor-element elementor-element-cb30fe9 elementor-widget elementor-widget-text-editor\" data-id=\"cb30fe9\" data-element_type=\"widget\" data-widget_type=\"text-editor.default\">\n\t\t\t\t<div class=\"elementor-widget-container\">\n\t\t\t\t\t\t\t<h5>MEHANIZACIJA MILER d.o.o.<\/h5>\nKOLODVORSKA 155F, KALINOVAC, \u0110UR\u0110EVAC\n\t\t\t\t\t\t<\/div>\n\t\t\t\t<\/div>\n\t\t\t\t<\/div>\n\t\t<div class=\"elementor-element elementor-element-35558be e-con-full e-flex e-con e-child\" data-id=\"35558be\" data-element_type=\"container\" data-settings=\"{&quot;content_width&quot;:&quot;full&quot;}\">\n\t\t\t\t<div class=\"elementor-element elementor-element-5a52348 elementor-widget elementor-widget-text-editor\" data-id=\"5a52348\" data-element_type=\"widget\" data-widget_type=\"text-editor.default\">\n\t\t\t\t<div class=\"elementor-widget-container\">\n\t\t\t\t\t\t\t<h5>MEHANIZACIJA MILER d.o.o.<\/h5>\nPOSLOVNICA OTO\u010cAC\n\t\t\t\t\t\t<\/div>\n\t\t\t\t<\/div>\n\t\t\t\t<\/div>\n\t\t<div class=\"elementor-element elementor-element-7cde0c3 e-con-full e-flex e-con e-child\" data-id=\"7cde0c3\" data-element_type=\"container\" data-settings=\"{&quot;content_width&quot;:&quot;full&quot;}\">\n\t\t\t\t<div class=\"elementor-element elementor-element-d760f3a elementor-widget elementor-widget-text-editor\" data-id=\"d760f3a\" data-element_type=\"widget\" data-widget_type=\"text-editor.default\">\n\t\t\t\t<div class=\"elementor-widget-container\">\n\t\t\t\t\t\t\t<h5>AGRO-TENA j.d.o.o.<\/h5>\nKANI\u0160KA UL.92a, GOSPI\u0106\n\t\t\t\t\t\t<\/div>\n\t\t\t\t<\/div>\n\t\t\t\t<\/div>\n\t\t<div class=\"elementor-element elementor-element-7951e49 e-con-full e-flex e-con e-child\" data-id=\"7951e49\" data-element_type=\"container\" data-settings=\"{&quot;content_width&quot;:&quot;full&quot;}\">\n\t\t\t\t<div class=\"elementor-element elementor-element-0351901 elementor-widget elementor-widget-text-editor\" data-id=\"0351901\" data-element_type=\"widget\" data-widget_type=\"text-editor.default\">\n\t\t\t\t<div class=\"elementor-widget-container\">\n\t\t\t\t\t\t\t<h5>POLJE \u2013 OBRT ZA TRGOVINU<\/h5>\nBERETINI 63, RADOVIN \u2013 RA\u017dANAC\n\t\t\t\t\t\t<\/div>\n\t\t\t\t<\/div>\n\t\t\t\t<\/div>\n\t\t<div class=\"elementor-element elementor-element-2feebfa e-con-full e-flex e-con e-child\" data-id=\"2feebfa\" data-element_type=\"container\" data-settings=\"{&quot;content_width&quot;:&quot;full&quot;}\">\n\t\t\t\t<div class=\"elementor-element elementor-element-3941d8b elementor-widget elementor-widget-text-editor\" data-id=\"3941d8b\" data-element_type=\"widget\" data-widget_type=\"text-editor.default\">\n\t\t\t\t<div class=\"elementor-widget-container\">\n\t\t\t\t\t\t\t<h5>AGRARIJA \u017dMINJ d.o.o.<\/h5>\nPAZINSKA 2F, \u017dMINJ\n\t\t\t\t\t\t<\/div>\n\t\t\t\t<\/div>\n\t\t\t\t<\/div>\n\t\t<div class=\"elementor-element elementor-element-9dbefcb e-con-full e-flex e-con e-child\" data-id=\"9dbefcb\" data-element_type=\"container\" data-settings=\"{&quot;content_width&quot;:&quot;full&quot;}\">\n\t\t\t\t<div class=\"elementor-element elementor-element-f0ddde8 elementor-widget elementor-widget-text-editor\" data-id=\"f0ddde8\" data-element_type=\"widget\" data-widget_type=\"text-editor.default\">\n\t\t\t\t<div class=\"elementor-widget-container\">\n\t\t\t\t\t\t\t<h5>KVARANTA d.o.o.<\/h5>\nMELNICA 13A, BARBAN\n\t\t\t\t\t\t<\/div>\n\t\t\t\t<\/div>\n\t\t\t\t<\/div>\n\t\t<div class=\"elementor-element elementor-element-1352089 e-con-full e-flex e-con e-child\" data-id=\"1352089\" data-element_type=\"container\" data-settings=\"{&quot;content_width&quot;:&quot;full&quot;}\">\n\t\t\t\t<div class=\"elementor-element elementor-element-a2ee663 elementor-widget elementor-widget-text-editor\" data-id=\"a2ee663\" data-element_type=\"widget\" data-widget_type=\"text-editor.default\">\n\t\t\t\t<div class=\"elementor-widget-container\">\n\t\t\t\t\t\t\t<h5>EXTRA, OBRT ZA TRGOVINU<\/h5>\nMIHOVLJAN \u2013 WEB SHOP\n\t\t\t\t\t\t<\/div>\n\t\t\t\t<\/div>\n\t\t\t\t<\/div>\n\t\t<div class=\"elementor-element elementor-element-451320e e-con-full e-flex e-con e-child\" data-id=\"451320e\" data-element_type=\"container\" data-settings=\"{&quot;content_width&quot;:&quot;full&quot;}\">\n\t\t\t\t<div class=\"elementor-element elementor-element-bc2b230 elementor-widget elementor-widget-text-editor\" data-id=\"bc2b230\" data-element_type=\"widget\" data-widget_type=\"text-editor.default\">\n\t\t\t\t<div class=\"elementor-widget-container\">\n\t\t\t\t\t\t\t<h5>JUGOMETAL d.o.o.<\/h5>\nKNEZA MILO\u0160A 81, SVILAJNAC, SRBIJA\n\t\t\t\t\t\t<\/div>\n\t\t\t\t<\/div>\n\t\t\t\t<\/div>\n\t\t<div class=\"elementor-element elementor-element-b663bf2 e-con-full e-flex e-con e-child\" data-id=\"b663bf2\" data-element_type=\"container\" data-settings=\"{&quot;content_width&quot;:&quot;full&quot;}\">\n\t\t\t\t<div class=\"elementor-element elementor-element-542a813 elementor-widget elementor-widget-text-editor\" data-id=\"542a813\" data-element_type=\"widget\" data-widget_type=\"text-editor.default\">\n\t\t\t\t<div class=\"elementor-widget-container\">\n\t\t\t\t\t\t\t<h5>NOVARA COOP KFT<\/h5>\nCSEPI UT. 2643\/1, TOKOL, MA\u0110ARSKA<\/h5>\n\t\t\t\t\t\t<\/div>\n\t\t\t\t<\/div>\n\t\t\t\t<\/div>\n\t\t<div class=\"elementor-element elementor-element-513f013 e-con-full e-flex e-con e-child\" data-id=\"513f013\" data-element_type=\"container\" data-settings=\"{&quot;content_width&quot;:&quot;full&quot;}\">\n\t\t\t\t<div class=\"elementor-element elementor-element-6d0d53d elementor-widget elementor-widget-text-editor\" data-id=\"6d0d53d\" data-element_type=\"widget\" data-widget_type=\"text-editor.default\">\n\t\t\t\t<div class=\"elementor-widget-container\">\n\t\t\t\t\t\t\t<h5>AVTOCENTER ORMO\u017d d.o.o.<\/h5>\nHARDEK 44 C, ORMO\u017d, SLOVENIJA\n\t\t\t\t\t\t<\/div>\n\t\t\t\t<\/div>\n\t\t\t\t<\/div>\n\t\t\t\t\t<\/div>\n\t\t\t\t<\/div>\n\t\t\t\t<\/div>","protected":false},"excerpt":{"rendered":"<p>Your name Your email Subject Your message (optional) B.A.M.T MA\u010cE MA\u010cE 92 A, MA\u010cE AGROMEHANIKA TRGOVINA d.o.o. KRSTE FRANKOPANA 64, BJELOVAR \u0160ANTI\u0106 PROMET d.o.o. P.RADI\u0106A 37, CABUNA, VIROVITICA JUKI\u0106 d.o.o. VUKOVARSKA 110, \u010cA\u0110AVICA VINKOPROM d.o.o. SJEVERNA VEZNA CESTA 53, SLAVONSKI BROD AGRO KRIZMANI\u0106 A.G.MATO\u0160A 73, TOVARNIK PRODET d.o.o. dr.M.KADI\u0106A 65, GRADI\u0160TE AGROZAPPA d.o.o. VATROGASNI PUT&#8230;<\/p>","protected":false},"author":1,"featured_media":0,"parent":0,"menu_order":0,"comment_status":"closed","ping_status":"closed","template":"elementor_header_footer","meta":{"footnotes":""},"class_list":["post-2882","page","type-page","status-publish","hentry"],"_links":{"self":[{"href":"https:\/\/megaing.hr\/en\/wp-json\/wp\/v2\/pages\/2882","targetHints":{"allow":["GET"]}}],"collection":[{"href":"https:\/\/megaing.hr\/en\/wp-json\/wp\/v2\/pages"}],"about":[{"href":"https:\/\/megaing.hr\/en\/wp-json\/wp\/v2\/types\/page"}],"author":[{"embeddable":true,"href":"https:\/\/megaing.hr\/en\/wp-json\/wp\/v2\/users\/1"}],"replies":[{"embeddable":true,"href":"https:\/\/megaing.hr\/en\/wp-json\/wp\/v2\/comments?post=2882"}],"version-history":[{"count":4,"href":"https:\/\/megaing.hr\/en\/wp-json\/wp\/v2\/pages\/2882\/revisions"}],"predecessor-version":[{"id":2888,"href":"https:\/\/megaing.hr\/en\/wp-json\/wp\/v2\/pages\/2882\/revisions\/2888"}],"wp:attachment":[{"href":"https:\/\/megaing.hr\/en\/wp-json\/wp\/v2\/media?parent=2882"}],"curies":[{"name":"wp","href":"https:\/\/api.w.org\/{rel}","templated":true}]}}