{"id":2869,"date":"2024-02-21T07:47:50","date_gmt":"2024-02-21T07:47:50","guid":{"rendered":"https:\/\/megaing.hr\/?page_id=2869"},"modified":"2024-04-19T09:38:51","modified_gmt":"2024-04-19T09:38:51","slug":"busaci-rupa","status":"publish","type":"page","link":"https:\/\/megaing.hr\/en\/busaci-rupa\/","title":{"rendered":"Drillers"},"content":{"rendered":"<div role=\"form\" class=\"wpcf7\" id=\"wpcf7-f2427-p2427-o1\" lang=\"en-US\" dir=\"ltr\"><div><div class=\"wpcf7-form\"><div class=\"fit-the-fullspace\"><div><div class=\"screen-reader-response\"><p role=\"status\" aria-live=\"polite\" aria-atomic=\"true\"><\/p> <ul><\/ul><\/div><form action=\"\/en\/wp-json\/wp\/v2\/pages\/2869#wpcf7-f2427-p2427-o1\" method=\"post\" class=\"wpcf7-form init\" enctype=\"\" autocomplete=\"autocomplete\" novalidate=\"novalidate\" data-status=\"init\" locale=\"en_US\" data-trp-original-action=\"\/en\/wp-json\/wp\/v2\/pages\/2869#wpcf7-f2427-p2427-o1\"><div style=\"display: block;\"><input type=\"hidden\" name=\"_wpcf7\" value=\"2427\" \/>\n<input type=\"hidden\" name=\"_wpcf7_version\" value=\"5.8.7\" \/>\n<input type=\"hidden\" name=\"_wpcf7_locale\" value=\"en_US\" \/>\n<input type=\"hidden\" name=\"_wpcf7_unit_tag\" value=\"wpcf7-f2427-p2427-o1\" \/>\n<input type=\"hidden\" name=\"_wpcf7_posted_data_hash\" value=\"\" \/>\n<input type=\"hidden\" name=\"_wpcf7_fit-the-fullspace\" value=\"\" \/>\n<\/div><p><label> Your name<br \/>\n<span class=\"wpcf7-form-control-wrap\" data-name=\"your-name\"><input size=\"40\" class=\"wpcf7-form-control wpcf7-text wpcf7-validates-as-required\" autocomplete=\"name\" aria-required=\"true\" aria-invalid=\"false\" value=\"\" type=\"text\" name=\"your-name\" \/><\/span> <\/label>\n<\/p>\n<p><label> Your email<br \/>\n<span class=\"wpcf7-form-control-wrap\" data-name=\"your-email\"><input size=\"40\" class=\"wpcf7-form-control wpcf7-email wpcf7-validates-as-required wpcf7-text wpcf7-validates-as-email\" autocomplete=\"email\" aria-required=\"true\" aria-invalid=\"false\" value=\"\" type=\"email\" name=\"your-email\" \/><\/span> <\/label>\n<\/p>\n<p><label> Subject<br \/>\n<span class=\"wpcf7-form-control-wrap\" data-name=\"your-subject\"><input size=\"40\" class=\"wpcf7-form-control wpcf7-text wpcf7-validates-as-required\" aria-required=\"true\" aria-invalid=\"false\" value=\"\" type=\"text\" name=\"your-subject\" \/><\/span> <\/label>\n<\/p>\n<p><label> Your message (optional)<br \/>\n<span class=\"wpcf7-form-control-wrap\" data-name=\"your-message\"><textarea cols=\"40\" rows=\"10\" class=\"wpcf7-form-control wpcf7-textarea\" aria-invalid=\"false\" name=\"your-message\"><\/textarea><\/span> <\/label>\n<\/p>\n<p><input class=\"wpcf7-form-control wpcf7-submit has-spinner\" type=\"submit\" value=\"Submit\" \/>\n<\/p><div class=\"wpcf7-response-output\" aria-hidden=\"true\"><\/div><input type=\"hidden\" name=\"trp-form-language\" value=\"en\"\/><\/form><\/div><\/div><\/div><\/div><\/div>\t\t<div data-elementor-type=\"wp-page\" data-elementor-id=\"2869\" class=\"elementor elementor-2869\">\n\t\t\t\t<div class=\"elementor-element elementor-element-3f69957 e-flex e-con-boxed e-con e-parent\" data-id=\"3f69957\" data-element_type=\"container\" data-settings=\"{&quot;content_width&quot;:&quot;boxed&quot;}\" data-core-v316-plus=\"true\">\n\t\t\t\t\t<div class=\"e-con-inner\">\n\t\t\t\t<div class=\"elementor-element elementor-element-faa989e elementor-widget elementor-widget-html\" data-id=\"faa989e\" data-element_type=\"widget\" data-widget_type=\"html.default\">\n\t\t\t\t<div class=\"elementor-widget-container\">\n\t\t\t<style>\n    .carousel-style-one .swiper-slide .overlay{\n        display: none !important;\n    }\n<\/style>\t\t<\/div>\n\t\t\t\t<\/div>\n\t\t\t\t<div class=\"elementor-element elementor-element-f70a2d7 elementor-widget elementor-widget-agrul_gallery\" data-id=\"f70a2d7\" data-element_type=\"widget\" data-widget_type=\"agrul_gallery.default\">\n\t\t\t\t<div class=\"elementor-widget-container\">\n\t\t\t\t<!-- Start Gallery Style One\r\n    ============================================= -->\r\n    <div class=\"gallery-style-one-area\">\r\n    \t        <div class=\"container\">\r\n            <div class=\"row\">\r\n                <div class=\"col-lg-8 offset-lg-2\">\r\n                    <div class=\"site-heading text-center\">\r\n                        <h5 class=\"sub-title\"><\/h5>\r\n                        <h2 class=\"title\">Professional<\/h2>\r\n                        <div class=\"devider\"><\/div>\r\n                    <\/div>\r\n                <\/div>\r\n            <\/div>\r\n        <\/div>\r\n    \t        <div class=\"container container-stage\">\r\n            <div class=\"row\">\r\n                <div class=\"col-xl-12\">\r\n                    <div class=\"carousel-stage-right carousel-style-one swiper\">\r\n                        <!-- Additional required wrapper -->\r\n                        <div class=\"swiper-wrapper\">\r\n                        \t\t                            <!-- Single Item -->\r\n\t                            <div class=\"swiper-slide\">\r\n\t                                <div class=\"gallery-style-one\">\r\n\t                                    \t                                    <div class=\"overlay\">\r\n\t                                        <span><\/span>\r\n\t                                        <h4><a href=\"#\"><\/a><\/h4>\r\n\t                                    <\/div>\r\n\t                                <\/div>\r\n\t                            <\/div>\r\n\t                            <!-- End Single Item -->\r\n                        \t                            \r\n                        <\/div>\r\n\r\n                        <!-- Pagination -->\r\n                        <div class=\"swiper-pagination\"><\/div>\r\n\r\n                    <\/div>\r\n                <\/div>\r\n            <\/div>\r\n        <\/div>        \r\n    <\/div>\r\n    <!-- End Gallery Style One -->\r\n    \t\t<\/div>\n\t\t\t\t<\/div>\n\t\t\t\t<div class=\"elementor-element elementor-element-19d26fd elementor-widget elementor-widget-image\" data-id=\"19d26fd\" data-element_type=\"widget\" data-widget_type=\"image.default\">\n\t\t\t\t<div class=\"elementor-widget-container\">\n\t\t\t<style>\/*! elementor - v3.19.0 - 07-02-2024 *\/\n.elementor-widget-image{text-align:center}.elementor-widget-image a{display:inline-block}.elementor-widget-image a img[src$=\".svg\"]{width:48px}.elementor-widget-image img{vertical-align:middle;display:inline-block}<\/style>\t\t\t\t\t\t\t\t\t\t<img fetchpriority=\"high\" decoding=\"async\" width=\"751\" height=\"501\" src=\"https:\/\/megaing.hr\/wp-content\/uploads\/2024\/03\/BUSAC-Profesional_001-R031-768x512.jpg\" class=\"attachment-medium_large size-medium_large wp-image-3037\" alt=\"\" srcset=\"https:\/\/megaing.hr\/wp-content\/uploads\/2024\/03\/BUSAC-Profesional_001-R031-768x512.jpg 768w, https:\/\/megaing.hr\/wp-content\/uploads\/2024\/03\/BUSAC-Profesional_001-R031-300x200.jpg 300w, https:\/\/megaing.hr\/wp-content\/uploads\/2024\/03\/BUSAC-Profesional_001-R031-1024x683.jpg 1024w, https:\/\/megaing.hr\/wp-content\/uploads\/2024\/03\/BUSAC-Profesional_001-R031-1536x1024.jpg 1536w, https:\/\/megaing.hr\/wp-content\/uploads\/2024\/03\/BUSAC-Profesional_001-R031-2048x1365.jpg 2048w, https:\/\/megaing.hr\/wp-content\/uploads\/2024\/03\/BUSAC-Profesional_001-R031-18x12.jpg 18w, https:\/\/megaing.hr\/wp-content\/uploads\/2024\/03\/BUSAC-Profesional_001-R031-500x333.jpg 500w\" sizes=\"(max-width: 751px) 100vw, 751px\" \/>\t\t\t\t\t\t\t\t\t\t\t\t\t<\/div>\n\t\t\t\t<\/div>\n\t\t\t\t\t<\/div>\n\t\t\t\t<\/div>\n\t\t\t\t<section class=\"elementor-section elementor-top-section elementor-element elementor-element-0505b5d elementor-section-full_width elementor-section-stretched services-details-area  elementor-section-height-default elementor-section-height-default\" data-id=\"0505b5d\" data-element_type=\"section\" data-settings=\"{&quot;stretch_section&quot;:&quot;section-stretched&quot;}\">\n\t\t\t\t\t\t<div class=\"elementor-container elementor-column-gap-no\">\n\t\t\t\t\t<div class=\"elementor-column elementor-col-100 elementor-top-column elementor-element elementor-element-80bbc6e\" data-id=\"80bbc6e\" data-element_type=\"column\">\n\t\t\t<div class=\"elementor-widget-wrap elementor-element-populated\">\n\t\t\t\t\t\t<section class=\"elementor-section elementor-inner-section elementor-element elementor-element-9012444 elementor-section-boxed elementor-section-height-default elementor-section-height-default\" data-id=\"9012444\" data-element_type=\"section\">\n\t\t\t\t\t\t<div class=\"elementor-container elementor-column-gap-no\">\n\t\t\t\t\t<div class=\"elementor-column elementor-col-50 elementor-inner-column elementor-element elementor-element-7c4d203 services-single-content order-lg-last\" data-id=\"7c4d203\" data-element_type=\"column\">\n\t\t\t<div class=\"elementor-widget-wrap elementor-element-populated\">\n\t\t\t\t\t\t<div class=\"elementor-element elementor-element-cdf34b4 elementor-widget elementor-widget-text-editor\" data-id=\"cdf34b4\" data-element_type=\"widget\" data-widget_type=\"text-editor.default\">\n\t\t\t\t<div class=\"elementor-widget-container\">\n\t\t\t<style>\/*! elementor - v3.19.0 - 07-02-2024 *\/\n.elementor-widget-text-editor.elementor-drop-cap-view-stacked .elementor-drop-cap{background-color:#69727d;color:#fff}.elementor-widget-text-editor.elementor-drop-cap-view-framed .elementor-drop-cap{color:#69727d;border:3px solid;background-color:transparent}.elementor-widget-text-editor:not(.elementor-drop-cap-view-default) .elementor-drop-cap{margin-top:8px}.elementor-widget-text-editor:not(.elementor-drop-cap-view-default) .elementor-drop-cap-letter{width:1em;height:1em}.elementor-widget-text-editor .elementor-drop-cap{float:left;text-align:center;line-height:1;font-size:50px}.elementor-widget-text-editor .elementor-drop-cap-letter{display:inline-block}<\/style>\t\t\t\t<p>The 'Professional' hole digger is designed for drilling holes up to a maximum diameter of 800mm and a depth of 1000mm, exclusively with augers produced by MEGA ing d.o.o.<\/p><p>\u00a0<\/p><p><img decoding=\"async\" class=\"size-medium wp-image-3045 aligncenter\" src=\"https:\/\/megaing.hr\/wp-content\/uploads\/2024\/03\/bus\u030cac\u030c_teh_nacrt-300x209.png\" alt=\"\" width=\"300\" height=\"209\" srcset=\"https:\/\/megaing.hr\/wp-content\/uploads\/2024\/03\/bus\u030cac\u030c_teh_nacrt-300x209.png 300w, https:\/\/megaing.hr\/wp-content\/uploads\/2024\/03\/bus\u030cac\u030c_teh_nacrt-18x12.png 18w, https:\/\/megaing.hr\/wp-content\/uploads\/2024\/03\/bus\u030cac\u030c_teh_nacrt-500x348.png 500w, https:\/\/megaing.hr\/wp-content\/uploads\/2024\/03\/bus\u030cac\u030c_teh_nacrt.png 574w\" sizes=\"(max-width: 300px) 100vw, 300px\" \/><\/p>\t\t\t\t\t\t<\/div>\n\t\t\t\t<\/div>\n\t\t\t\t<div class=\"elementor-element elementor-element-567f678 elementor-widget elementor-widget-agrul_accordian_widget\" data-id=\"567f678\" data-element_type=\"widget\" data-widget_type=\"agrul_accordian_widget.default\">\n\t\t\t\t<div class=\"elementor-widget-container\">\n\t\t\t    <!-- Start Accordian \r\n    ============================================= -->\r\n    \t\t\r\n    <div class=\"choose-us-style-one mt-35\">\r\n        <div class=\"accordion accordion-regular\" id=\"faqAccordion\">\r\n        \t\t            <div class=\"accordion-item\">\r\n\t                <h2 class=\"accordion-header\" id=\"heading1\">\r\n\t                    <button class=\"accordion-button\" type=\"button\" data-bs-toggle=\"collapse\" data-bs-target=\"#collapse1\" aria-expanded=\"true\" aria-controls=\"collapse1\">\r\n\t                        Tehnical specifications\t                    <\/button>\r\n\t                <\/h2>\r\n\t                <div id=\"collapse1\" class=\"accordion-collapse collapse show\" aria-labelledby=\"heading1\" data-bs-parent=\"#faqAccordion\">\r\n\t                    <div class=\"accordion-body\">\r\n\t                        <p>\r\n\t                            <li>tip: 80<\/li>\n<li>lu: 185<\/li>\n<li>IgA: 54\/69<\/li>\n<li>IgB: 24<\/li>\n<li>hA: 85<\/li>\n<li>hB: 55<\/li>\n<li>kg: 135<\/li>\n<li>hp: 30-50<\/li>\t                        <\/p>\r\n\t                    <\/div>\r\n\t                <\/div>\r\n\t            <\/div>\r\n           \t        <\/div>\r\n    <\/div>\r\n    <!-- End Accordian -->\r\n\t\t\t<\/div>\n\t\t\t\t<\/div>\n\t\t\t\t\t<\/div>\n\t\t<\/div>\n\t\t\t\t<div class=\"elementor-column elementor-col-50 elementor-inner-column elementor-element elementor-element-24b8aee services-sidebar\" data-id=\"24b8aee\" data-element_type=\"column\">\n\t\t\t<div class=\"elementor-widget-wrap elementor-element-populated\">\n\t\t\t\t\t\t<div class=\"elementor-element elementor-element-3d881ec elementor-widget elementor-widget-agrul_service_list\" data-id=\"3d881ec\" data-element_type=\"widget\" data-widget_type=\"agrul_service_list.default\">\n\t\t\t\t<div class=\"elementor-widget-container\">\n\t\t\t\t<!-- Single Service List Widget -->\r\n    <div class=\"single-widget services-list-widget\">\r\n        <div class=\"content\">\r\n            <ul>\r\n            \t                \t<li class=\"\"><a href=\"https:\/\/megaing.hr\/en\/malceri\/\">Mowers<\/a><\/li>\r\n            \t                \t<li class=\"\"><a href=\"https:\/\/megaing.hr\/en\/freze\/\">Tiller<\/a><\/li>\r\n            \t                \t<li class=\"\"><a href=\"https:\/\/megaing.hr\/en\/busaci-rupa\/\">Drillers<\/a><\/li>\r\n            \t                \t<li class=\"\"><a href=\"https:\/\/megaing.hr\/en\/ograde-i-pletiva\/\">Fences and meshes<\/a><\/li>\r\n            \t            <\/ul>\r\n        <\/div>\r\n    <\/div>\r\n    <!-- End Service List Single Widget -->\r\n    \t\t<\/div>\n\t\t\t\t<\/div>\n\t\t\t\t<div class=\"elementor-element elementor-element-8a7cd67 elementor-widget elementor-widget-agrul_service_quick_contact\" data-id=\"8a7cd67\" data-element_type=\"widget\" data-widget_type=\"agrul_service_quick_contact.default\">\n\t\t\t\t<div class=\"elementor-widget-container\">\n\t\t\t\t<!-- Single Service List Widget -->\r\n    <div class=\"single-widget quick-contact-widget text-light\" style=\"background-image: url(https:\/\/megaing.hr\/wp-content\/uploads\/2022\/10\/5-2.jpg);\">\r\n        <div class=\"content\">\r\n           <h3>Need help?<\/h3>\nCall us for a quick guide on how to get an offer.\n<h2>+385 91 364 4157<\/h2>           \t            \t<h4><a href=\"mailto:info@megaing.hr\">info@megaing.hr<\/a><\/h4>\r\n                                    \t<a class=\"btn mt-30 circle btn-theme animation btn-md\" href=\"https:\/\/megaing.hr\/en\/kontakt\/\">Contact us<\/a>\r\n                    <\/div>\r\n    <\/div>\r\n    <!-- End Service List Single Widget -->\r\n    \t\t<\/div>\n\t\t\t\t<\/div>\n\t\t\t\t\t<\/div>\n\t\t<\/div>\n\t\t\t\t\t<\/div>\n\t\t<\/section>\n\t\t\t\t\t<\/div>\n\t\t<\/div>\n\t\t\t\t\t<\/div>\n\t\t<\/section>\n\t\t\t\t<\/div>","protected":false},"excerpt":{"rendered":"<p>Your name Your email Subject Your message (optional) Profesional Bu\u0161a\u010d za rupe &#8220;profesional&#8221; je konstruiran za bu\u0161enje rupa do max 800mm promjera i 1000mm dubine, isklju\u010divo sa svrdlima proizvedenim od strane tvrtke MEGA ing d.o.o. \u00a0 Tehni\u010dke specifikacije tip: 80 lu: 185 IgA: 54\/69 IgB: 24 hA: 85 hB: 55 kg: 135 hp: 30-50 Mal\u010deri&#8230;<\/p>","protected":false},"author":1,"featured_media":0,"parent":0,"menu_order":0,"comment_status":"closed","ping_status":"closed","template":"elementor_header_footer","meta":{"footnotes":""},"class_list":["post-2869","page","type-page","status-publish","hentry"],"_links":{"self":[{"href":"https:\/\/megaing.hr\/en\/wp-json\/wp\/v2\/pages\/2869","targetHints":{"allow":["GET"]}}],"collection":[{"href":"https:\/\/megaing.hr\/en\/wp-json\/wp\/v2\/pages"}],"about":[{"href":"https:\/\/megaing.hr\/en\/wp-json\/wp\/v2\/types\/page"}],"author":[{"embeddable":true,"href":"https:\/\/megaing.hr\/en\/wp-json\/wp\/v2\/users\/1"}],"replies":[{"embeddable":true,"href":"https:\/\/megaing.hr\/en\/wp-json\/wp\/v2\/comments?post=2869"}],"version-history":[{"count":25,"href":"https:\/\/megaing.hr\/en\/wp-json\/wp\/v2\/pages\/2869\/revisions"}],"predecessor-version":[{"id":3260,"href":"https:\/\/megaing.hr\/en\/wp-json\/wp\/v2\/pages\/2869\/revisions\/3260"}],"wp:attachment":[{"href":"https:\/\/megaing.hr\/en\/wp-json\/wp\/v2\/media?parent=2869"}],"curies":[{"name":"wp","href":"https:\/\/api.w.org\/{rel}","templated":true}]}}