{"id":2591,"date":"2024-02-13T12:48:58","date_gmt":"2024-02-13T12:48:58","guid":{"rendered":"https:\/\/megaing.hr\/?page_id=2591"},"modified":"2024-04-19T09:39:26","modified_gmt":"2024-04-19T09:39:26","slug":"freze","status":"publish","type":"page","link":"https:\/\/megaing.hr\/en\/freze\/","title":{"rendered":"Tiller"},"content":{"rendered":"<div role=\"form\" class=\"wpcf7\" id=\"wpcf7-f2427-p2427-o1\" lang=\"en-US\" dir=\"ltr\"><div><div class=\"wpcf7-form\"><div class=\"fit-the-fullspace\"><div><div class=\"screen-reader-response\"><p role=\"status\" aria-live=\"polite\" aria-atomic=\"true\"><\/p> <ul><\/ul><\/div><form action=\"\/en\/wp-json\/wp\/v2\/pages\/2591#wpcf7-f2427-p2427-o1\" method=\"post\" class=\"wpcf7-form init\" enctype=\"\" autocomplete=\"autocomplete\" novalidate=\"novalidate\" data-status=\"init\" locale=\"en_US\" data-trp-original-action=\"\/en\/wp-json\/wp\/v2\/pages\/2591#wpcf7-f2427-p2427-o1\"><div style=\"display: block;\"><input type=\"hidden\" name=\"_wpcf7\" value=\"2427\" \/>\n<input type=\"hidden\" name=\"_wpcf7_version\" value=\"5.8.7\" \/>\n<input type=\"hidden\" name=\"_wpcf7_locale\" value=\"en_US\" \/>\n<input type=\"hidden\" name=\"_wpcf7_unit_tag\" value=\"wpcf7-f2427-p2427-o1\" \/>\n<input type=\"hidden\" name=\"_wpcf7_posted_data_hash\" value=\"\" \/>\n<input type=\"hidden\" name=\"_wpcf7_fit-the-fullspace\" value=\"\" \/>\n<\/div><p><label> Your name<br \/>\n<span class=\"wpcf7-form-control-wrap\" data-name=\"your-name\"><input size=\"40\" class=\"wpcf7-form-control wpcf7-text wpcf7-validates-as-required\" autocomplete=\"name\" aria-required=\"true\" aria-invalid=\"false\" value=\"\" type=\"text\" name=\"your-name\" \/><\/span> <\/label>\n<\/p>\n<p><label> Your email<br \/>\n<span class=\"wpcf7-form-control-wrap\" data-name=\"your-email\"><input size=\"40\" class=\"wpcf7-form-control wpcf7-email wpcf7-validates-as-required wpcf7-text wpcf7-validates-as-email\" autocomplete=\"email\" aria-required=\"true\" aria-invalid=\"false\" value=\"\" type=\"email\" name=\"your-email\" \/><\/span> <\/label>\n<\/p>\n<p><label> Subject<br \/>\n<span class=\"wpcf7-form-control-wrap\" data-name=\"your-subject\"><input size=\"40\" class=\"wpcf7-form-control wpcf7-text wpcf7-validates-as-required\" aria-required=\"true\" aria-invalid=\"false\" value=\"\" type=\"text\" name=\"your-subject\" \/><\/span> <\/label>\n<\/p>\n<p><label> Your message (optional)<br \/>\n<span class=\"wpcf7-form-control-wrap\" data-name=\"your-message\"><textarea cols=\"40\" rows=\"10\" class=\"wpcf7-form-control wpcf7-textarea\" aria-invalid=\"false\" name=\"your-message\"><\/textarea><\/span> <\/label>\n<\/p>\n<p><input class=\"wpcf7-form-control wpcf7-submit has-spinner\" type=\"submit\" value=\"Submit\" \/>\n<\/p><div class=\"wpcf7-response-output\" aria-hidden=\"true\"><\/div><input type=\"hidden\" name=\"trp-form-language\" value=\"en\"\/><\/form><\/div><\/div><\/div><\/div><\/div>\t\t<div data-elementor-type=\"wp-page\" data-elementor-id=\"2591\" class=\"elementor elementor-2591\">\n\t\t\t\t<div class=\"elementor-element elementor-element-51b0b93 e-flex e-con-boxed e-con e-parent\" data-id=\"51b0b93\" data-element_type=\"container\" data-settings=\"{&quot;content_width&quot;:&quot;boxed&quot;}\" data-core-v316-plus=\"true\">\n\t\t\t\t\t<div class=\"e-con-inner\">\n\t\t\t\t<div class=\"elementor-element elementor-element-c4c7956 elementor-widget elementor-widget-html\" data-id=\"c4c7956\" data-element_type=\"widget\" data-widget_type=\"html.default\">\n\t\t\t\t<div class=\"elementor-widget-container\">\n\t\t\t<style>\n    .carousel-style-one .swiper-slide .overlay{\n        display: none !important;\n    }\n<\/style>\t\t<\/div>\n\t\t\t\t<\/div>\n\t\t\t\t<div class=\"elementor-element elementor-element-c8dc32e elementor-widget elementor-widget-agrul_gallery\" data-id=\"c8dc32e\" data-element_type=\"widget\" data-widget_type=\"agrul_gallery.default\">\n\t\t\t\t<div class=\"elementor-widget-container\">\n\t\t\t\t<!-- Start Gallery Style One\r\n    ============================================= -->\r\n    <div class=\"gallery-style-one-area\">\r\n    \t        <div class=\"container\">\r\n            <div class=\"row\">\r\n                <div class=\"col-lg-8 offset-lg-2\">\r\n                    <div class=\"site-heading text-center\">\r\n                        <h5 class=\"sub-title\"><\/h5>\r\n                        <h2 class=\"title\">Tractor tillers<\/h2>\r\n                        <div class=\"devider\"><\/div>\r\n                    <\/div>\r\n                <\/div>\r\n            <\/div>\r\n        <\/div>\r\n    \t        <div class=\"container container-stage\">\r\n            <div class=\"row\">\r\n                <div class=\"col-xl-12\">\r\n                    <div class=\"carousel-stage-right carousel-style-one swiper\">\r\n                        <!-- Additional required wrapper -->\r\n                        <div class=\"swiper-wrapper\">\r\n                        \t\t                            <!-- Single Item -->\r\n\t                            <div class=\"swiper-slide\">\r\n\t                                <div class=\"gallery-style-one\">\r\n\t                                    <img decoding=\"async\" src=\"https:\/\/megaing.hr\/wp-content\/uploads\/2024\/02\/freza.jpg\" alt=\"Megaing\"  \/>\t                                    <div class=\"overlay\">\r\n\t                                        <span><\/span>\r\n\t                                        <h4><a href=\"#\"><\/a><\/h4>\r\n\t                                    <\/div>\r\n\t                                <\/div>\r\n\t                            <\/div>\r\n\t                            <!-- End Single Item -->\r\n                        \t\t                            <!-- Single Item -->\r\n\t                            <div class=\"swiper-slide\">\r\n\t                                <div class=\"gallery-style-one\">\r\n\t                                    <img decoding=\"async\" src=\"https:\/\/megaing.hr\/wp-content\/uploads\/2024\/02\/freza3.jpg\" alt=\"Megaing\"  \/>\t                                    <div class=\"overlay\">\r\n\t                                        <span><\/span>\r\n\t                                        <h4><a href=\"#\"><\/a><\/h4>\r\n\t                                    <\/div>\r\n\t                                <\/div>\r\n\t                            <\/div>\r\n\t                            <!-- End Single Item -->\r\n                        \t\t                            <!-- Single Item -->\r\n\t                            <div class=\"swiper-slide\">\r\n\t                                <div class=\"gallery-style-one\">\r\n\t                                    <img decoding=\"async\" src=\"https:\/\/megaing.hr\/wp-content\/uploads\/2024\/02\/freza2.jpg\" alt=\"Megaing\"  \/>\t                                    <div class=\"overlay\">\r\n\t                                        <span><\/span>\r\n\t                                        <h4><a href=\"#\"><\/a><\/h4>\r\n\t                                    <\/div>\r\n\t                                <\/div>\r\n\t                            <\/div>\r\n\t                            <!-- End Single Item -->\r\n                        \t                            \r\n                        <\/div>\r\n\r\n                        <!-- Pagination -->\r\n                        <div class=\"swiper-pagination\"><\/div>\r\n\r\n                    <\/div>\r\n                <\/div>\r\n            <\/div>\r\n        <\/div>        \r\n    <\/div>\r\n    <!-- End Gallery Style One -->\r\n    \t\t<\/div>\n\t\t\t\t<\/div>\n\t\t\t\t\t<\/div>\n\t\t\t\t<\/div>\n\t\t\t\t<section class=\"elementor-section elementor-top-section elementor-element elementor-element-7e9a019 elementor-section-full_width elementor-section-stretched services-details-area  elementor-section-height-default elementor-section-height-default\" data-id=\"7e9a019\" data-element_type=\"section\" data-settings=\"{&quot;stretch_section&quot;:&quot;section-stretched&quot;}\">\n\t\t\t\t\t\t<div class=\"elementor-container elementor-column-gap-no\">\n\t\t\t\t\t<div class=\"elementor-column elementor-col-100 elementor-top-column elementor-element elementor-element-a3c8df2\" data-id=\"a3c8df2\" data-element_type=\"column\">\n\t\t\t<div class=\"elementor-widget-wrap elementor-element-populated\">\n\t\t\t\t\t\t<section class=\"elementor-section elementor-inner-section elementor-element elementor-element-8b26662 elementor-section-boxed elementor-section-height-default elementor-section-height-default\" data-id=\"8b26662\" data-element_type=\"section\">\n\t\t\t\t\t\t<div class=\"elementor-container elementor-column-gap-no\">\n\t\t\t\t\t<div class=\"elementor-column elementor-col-50 elementor-inner-column elementor-element elementor-element-f9c2363 services-single-content order-lg-last\" data-id=\"f9c2363\" data-element_type=\"column\">\n\t\t\t<div class=\"elementor-widget-wrap elementor-element-populated\">\n\t\t\t\t\t\t<div class=\"elementor-element elementor-element-df31214 elementor-widget elementor-widget-text-editor\" data-id=\"df31214\" data-element_type=\"widget\" data-widget_type=\"text-editor.default\">\n\t\t\t\t<div class=\"elementor-widget-container\">\n\t\t\t<style>\/*! elementor - v3.19.0 - 07-02-2024 *\/\n.elementor-widget-text-editor.elementor-drop-cap-view-stacked .elementor-drop-cap{background-color:#69727d;color:#fff}.elementor-widget-text-editor.elementor-drop-cap-view-framed .elementor-drop-cap{color:#69727d;border:3px solid;background-color:transparent}.elementor-widget-text-editor:not(.elementor-drop-cap-view-default) .elementor-drop-cap{margin-top:8px}.elementor-widget-text-editor:not(.elementor-drop-cap-view-default) .elementor-drop-cap-letter{width:1em;height:1em}.elementor-widget-text-editor .elementor-drop-cap{float:left;text-align:center;line-height:1;font-size:50px}.elementor-widget-text-editor .elementor-drop-cap-letter{display:inline-block}<\/style>\t\t\t\t\nFor soil cultivation up to a depth of 16 cm in orchards, vineyards, gardening, nurseries, and municipal areas. It is designed for all types of tractors up to 50 horsepower.\t\t\t\t\t\t<\/div>\n\t\t\t\t<\/div>\n\t\t\t\t<div class=\"elementor-element elementor-element-c689503 elementor-widget elementor-widget-agrul_accordian_widget\" data-id=\"c689503\" data-element_type=\"widget\" data-widget_type=\"agrul_accordian_widget.default\">\n\t\t\t\t<div class=\"elementor-widget-container\">\n\t\t\t    <!-- Start Accordian \r\n    ============================================= -->\r\n    \t\t\r\n    <div class=\"choose-us-style-one mt-35\">\r\n        <div class=\"accordion accordion-regular\" id=\"faqAccordion\">\r\n        \t\t            <div class=\"accordion-item\">\r\n\t                <h2 class=\"accordion-header\" id=\"heading1\">\r\n\t                    <button class=\"accordion-button\" type=\"button\" data-bs-toggle=\"collapse\" data-bs-target=\"#collapse1\" aria-expanded=\"true\" aria-controls=\"collapse1\">\r\n\t                        Tehnical specifications\t                    <\/button>\r\n\t                <\/h2>\r\n\t                <div id=\"collapse1\" class=\"accordion-collapse collapse show\" aria-labelledby=\"heading1\" data-bs-parent=\"#faqAccordion\">\r\n\t                    <div class=\"accordion-body\">\r\n\t                        <p>\r\n\t                            Sideshift<br\/>\nSide slider with tilling depth adjustments<br\/>\nThe spiral arrangement of the blades around the rotor of the tiller which contribute to quiet and smooth operation.<br\/>\nDrive chain in an oil bath, maintenance-free.<br\/>\nChain fastener<br\/>\n4 blades per flange<br\/>\nAdjustable work depth up to 16 cm<br\/>\n3 point tractor connector<br\/>\nPTO shaft:  540 o\/min\t                        <\/p>\r\n\t                    <\/div>\r\n\t                <\/div>\r\n\t            <\/div>\r\n           \t\t            <div class=\"accordion-item\">\r\n\t                <h2 class=\"accordion-header\" id=\"heading2\">\r\n\t                    <button class=\"accordion-button collapsed\" type=\"button\" data-bs-toggle=\"collapse\" data-bs-target=\"#collapse2\" aria-expanded=\"true\" aria-controls=\"collapse2\">\r\n\t                        Karakteristike tipova freza\t                    <\/button>\r\n\t                <\/h2>\r\n\t                <div id=\"collapse2\" class=\"accordion-collapse collapse\" aria-labelledby=\"heading2\" data-bs-parent=\"#faqAccordion\">\r\n\t                    <div class=\"accordion-body\">\r\n\t                        <p>\r\n\t                            <table cellspacing=\"0\">\n<tbody>\n<tr>\n<td>\n<p>MODEL<\/p>\n<p>tiller<\/p>\n<\/td>\n<td>\n<p>work<\/p>\n<p>width<\/p>\n<p>cm<\/p>\n<\/td>\n<td>\n<p>max.<\/p>\n<p>width<\/p>\n<p>cm<\/p>\n<\/td>\n<td>\n<p>sideshift<\/p>\n<p>cm<\/p>\n<\/td>\n<td>\n<p>Weight<\/p>\n<p>kg<\/p>\n<\/td>\n<td>\n<p>blade.<\/p>\n<p>pc<\/p>\n<\/td>\n<td>\n<p>power<\/p>\n<p>kS<\/p>\n<\/td>\n<\/tr>\n<tr>\n<td >\n<p>Mara 100<\/p>\n<\/td>\n<td >\n<p>105<\/p>\n<\/td>\n<td >\n<p>118<\/p>\n<\/td>\n<td >\n<p>15<\/p>\n<\/td>\n<td >\n<p>175<\/p>\n<\/td>\n<td >\n<p>24<\/p>\n<\/td>\n<td >\n<p>od 18<\/p>\n<\/td>\n<\/tr>\n<tr>\n<td >\n<p>Mara 120<\/p>\n<\/td>\n<td >\n<p>124<\/p>\n<\/td>\n<td >\n<p>137<\/p>\n<\/td>\n<td >\n<p>19<\/p>\n<\/td>\n<td >\n<p>190<\/p>\n<\/td>\n<td >\n<p>28<\/p>\n<\/td>\n<td >\n<p>od 20<\/p>\n<\/td>\n<\/tr>\n<tr>\n<td >\n<p>Mara 135<\/p>\n<\/td>\n<td >\n<p>139<\/p>\n<\/td>\n<td >\n<p>152<\/p>\n<\/td>\n<td >\n<p>27<\/p>\n<\/td>\n<td >\n<p>210<\/p>\n<\/td>\n<td >\n<p>32<\/p>\n<\/td>\n<td >\n<p>od 24<\/p>\n<\/td>\n<\/tr>\n<tr>\n<td >\n<p>Mara 155<\/p>\n<\/td>\n<td >\n<p>155<\/p>\n<\/td>\n<td >\n<p>168<\/p>\n<\/td>\n<td >\n<p>36<\/p>\n<\/td>\n<td >\n<p>215<\/p>\n<\/td>\n<td >\n<p>36<\/p>\n<\/td>\n<td >\n<p>od 30<\/p>\n<\/td>\n<\/tr>\n<tr>\n<td >\n<p>Mara 170<\/p>\n<\/td>\n<td >\n<p>173<\/p>\n<\/td>\n<td >\n<p>186<\/p>\n<\/td>\n<td >\n<p>44<\/p>\n<\/td>\n<td >\n<p>230<\/p>\n<\/td>\n<td >\n<p>40<\/p>\n<\/td>\n<td >\n<p>od 35<\/p>\n<\/td>\n<\/tr>\n<tr>\n<td >\n<p>Mara 185<\/p>\n<\/td>\n<td >\n<p>189<\/p>\n<\/td>\n<td >\n<p>202<\/p>\n<\/td>\n<td >\n<p>50<\/p>\n<\/td>\n<td >\n<p>250<\/p>\n<\/td>\n<td >\n<p>44<\/p>\n<\/td>\n<td >\n<p>40-50<\/p>\n<\/td>\n<\/tr>\n<\/tbody>\n<\/table>\t                        <\/p>\r\n\t                    <\/div>\r\n\t                <\/div>\r\n\t            <\/div>\r\n           \t        <\/div>\r\n    <\/div>\r\n    <!-- End Accordian -->\r\n\t\t\t<\/div>\n\t\t\t\t<\/div>\n\t\t\t\t\t<\/div>\n\t\t<\/div>\n\t\t\t\t<div class=\"elementor-column elementor-col-50 elementor-inner-column elementor-element elementor-element-30d02c5 services-sidebar\" data-id=\"30d02c5\" data-element_type=\"column\">\n\t\t\t<div class=\"elementor-widget-wrap elementor-element-populated\">\n\t\t\t\t\t\t<div class=\"elementor-element elementor-element-121dc7e elementor-widget elementor-widget-agrul_service_list\" data-id=\"121dc7e\" data-element_type=\"widget\" data-widget_type=\"agrul_service_list.default\">\n\t\t\t\t<div class=\"elementor-widget-container\">\n\t\t\t\t<!-- Single Service List Widget -->\r\n    <div class=\"single-widget services-list-widget\">\r\n        <div class=\"content\">\r\n            <ul>\r\n            \t                \t<li class=\"\"><a href=\"https:\/\/megaing.hr\/en\/malceri\/\">Mowers<\/a><\/li>\r\n            \t                \t<li class=\"\"><a href=\"https:\/\/megaing.hr\/en\/freze\/\">Tiller<\/a><\/li>\r\n            \t                \t<li class=\"\"><a href=\"https:\/\/megaing.hr\/en\/busaci-rupa\/\">Drillers<\/a><\/li>\r\n            \t                \t<li class=\"\"><a href=\"https:\/\/megaing.hr\/en\/ograde-i-pletiva\/\">Fences and meshes<\/a><\/li>\r\n            \t            <\/ul>\r\n        <\/div>\r\n    <\/div>\r\n    <!-- End Service List Single Widget -->\r\n    \t\t<\/div>\n\t\t\t\t<\/div>\n\t\t\t\t<div class=\"elementor-element elementor-element-706939e elementor-widget elementor-widget-agrul_service_quick_contact\" data-id=\"706939e\" data-element_type=\"widget\" data-widget_type=\"agrul_service_quick_contact.default\">\n\t\t\t\t<div class=\"elementor-widget-container\">\n\t\t\t\t<!-- Single Service List Widget -->\r\n    <div class=\"single-widget quick-contact-widget text-light\" style=\"background-image: url(https:\/\/megaing.hr\/wp-content\/uploads\/2022\/10\/5-2.jpg);\">\r\n        <div class=\"content\">\r\n           <h3>Need help?<\/h3>\nCall us for a quick guide on how to get an offer.\n<h2>+385 91 364 4157<\/h2>           \t            \t<h4><a href=\"mailto:info@megaing.hr\">info@megaing.hr<\/a><\/h4>\r\n                                    \t<a class=\"btn mt-30 circle btn-theme animation btn-md\" href=\"https:\/\/megaing.hr\/en\/kontakt\/\">Contact us<\/a>\r\n                    <\/div>\r\n    <\/div>\r\n    <!-- End Service List Single Widget -->\r\n    \t\t<\/div>\n\t\t\t\t<\/div>\n\t\t\t\t\t<\/div>\n\t\t<\/div>\n\t\t\t\t\t<\/div>\n\t\t<\/section>\n\t\t\t\t\t<\/div>\n\t\t<\/div>\n\t\t\t\t\t<\/div>\n\t\t<\/section>\n\t\t\t\t<\/div>","protected":false},"excerpt":{"rendered":"<p>Your name Your email Subject Your message (optional) Traktorske freze Za obradu zemlje do dubine 16 cm u vo\u0107njacima, vinogradima, vrtlarstvu, rasadnicima i komunalnim povr\u0161inama. Namijenjena je za sve vrste traktora do 50kS Tehni\u010dke specifikacije \u2022 Bo\u010dni pomak \u2022 Bo\u010dni kliza\u010di-s regulacijom dubine frezanja \u2022 Spiralno postavljeni no\u017eevi oko rotora freze, doprinose tihom i mirnom&#8230;<\/p>","protected":false},"author":1,"featured_media":0,"parent":0,"menu_order":0,"comment_status":"closed","ping_status":"closed","template":"elementor_header_footer","meta":{"footnotes":""},"class_list":["post-2591","page","type-page","status-publish","hentry"],"_links":{"self":[{"href":"https:\/\/megaing.hr\/en\/wp-json\/wp\/v2\/pages\/2591","targetHints":{"allow":["GET"]}}],"collection":[{"href":"https:\/\/megaing.hr\/en\/wp-json\/wp\/v2\/pages"}],"about":[{"href":"https:\/\/megaing.hr\/en\/wp-json\/wp\/v2\/types\/page"}],"author":[{"embeddable":true,"href":"https:\/\/megaing.hr\/en\/wp-json\/wp\/v2\/users\/1"}],"replies":[{"embeddable":true,"href":"https:\/\/megaing.hr\/en\/wp-json\/wp\/v2\/comments?post=2591"}],"version-history":[{"count":47,"href":"https:\/\/megaing.hr\/en\/wp-json\/wp\/v2\/pages\/2591\/revisions"}],"predecessor-version":[{"id":3263,"href":"https:\/\/megaing.hr\/en\/wp-json\/wp\/v2\/pages\/2591\/revisions\/3263"}],"wp:attachment":[{"href":"https:\/\/megaing.hr\/en\/wp-json\/wp\/v2\/media?parent=2591"}],"curies":[{"name":"wp","href":"https:\/\/api.w.org\/{rel}","templated":true}]}}